{"id":3728,"date":"2020-03-03T07:22:09","date_gmt":"2020-03-03T07:22:09","guid":{"rendered":"http:\/\/androthemes.com\/themes\/wp\/cookiteer\/?page_id=102"},"modified":"2023-02-24T17:28:37","modified_gmt":"2023-02-24T16:28:37","slug":"about-us","status":"publish","type":"page","link":"https:\/\/latambouilledebouille.com\/index.php\/about-us\/","title":{"rendered":"Qui suis-je ?"},"content":{"rendered":"<figure class=\"wp-block-image size-medium\"><img data-recalc-dims=\"1\" fetchpriority=\"high\" decoding=\"async\" width=\"300\" height=\"300\" src=\"https:\/\/i0.wp.com\/latambouilledebouille.com\/wp-content\/uploads\/2023\/02\/Gaelle2023.jpg?resize=300%2C300&#038;ssl=1\" alt=\"\" class=\"wp-image-9021\" srcset=\"https:\/\/i0.wp.com\/latambouilledebouille.com\/wp-content\/uploads\/2023\/02\/Gaelle2023-scaled.jpg?resize=300%2C300&amp;ssl=1 300w, https:\/\/i0.wp.com\/latambouilledebouille.com\/wp-content\/uploads\/2023\/02\/Gaelle2023-scaled.jpg?resize=1024%2C1024&amp;ssl=1 1024w, https:\/\/i0.wp.com\/latambouilledebouille.com\/wp-content\/uploads\/2023\/02\/Gaelle2023-scaled.jpg?resize=150%2C150&amp;ssl=1 150w, https:\/\/i0.wp.com\/latambouilledebouille.com\/wp-content\/uploads\/2023\/02\/Gaelle2023-scaled.jpg?resize=768%2C768&amp;ssl=1 768w, https:\/\/i0.wp.com\/latambouilledebouille.com\/wp-content\/uploads\/2023\/02\/Gaelle2023-scaled.jpg?resize=1536%2C1536&amp;ssl=1 1536w, https:\/\/i0.wp.com\/latambouilledebouille.com\/wp-content\/uploads\/2023\/02\/Gaelle2023-scaled.jpg?resize=2048%2C2048&amp;ssl=1 2048w, https:\/\/i0.wp.com\/latambouilledebouille.com\/wp-content\/uploads\/2023\/02\/Gaelle2023-scaled.jpg?resize=700%2C700&amp;ssl=1 700w, https:\/\/i0.wp.com\/latambouilledebouille.com\/wp-content\/uploads\/2023\/02\/Gaelle2023-scaled.jpg?resize=2000%2C2000&amp;ssl=1 2000w, https:\/\/i0.wp.com\/latambouilledebouille.com\/wp-content\/uploads\/2023\/02\/Gaelle2023-scaled.jpg?resize=600%2C600&amp;ssl=1 600w, https:\/\/i0.wp.com\/latambouilledebouille.com\/wp-content\/uploads\/2023\/02\/Gaelle2023-scaled.jpg?resize=100%2C100&amp;ssl=1 100w, https:\/\/i0.wp.com\/latambouilledebouille.com\/wp-content\/uploads\/2023\/02\/Gaelle2023-scaled.jpg?w=2400&amp;ssl=1 2400w\" sizes=\"(max-width: 300px) 100vw, 300px\" \/><\/figure><p><style type=\"text\/css\">body.kc-css-system .kc-css-2506954{text-align: center;}<\/style><\/p>\n<section class=\"kc-elm kc-css-3744679 kc_row section section-padding\">\n<div class=\"kc-row-container  kc-container\">\n<div class=\"kc-wrap-columns\">\n<div class=\"kc-elm kc-css-1461941 kc_col-sm-12 kc_column kc_col-sm-12\">\n<div class=\"kc-col-container\">\n<div class=\"kc-elm kc-css-2255307 kc_text_block\">\n<h4>Qui se cache derri\u00e8re le pseudo de Bouille de Gum ?<\/h4>\n<p>Le cr\u00e9do du blog est &#8220;de la gourmandise sucr\u00e9e, sal\u00e9e, avec une pinc\u00e9e de fantaisie&#8221; (ou une louche \u00e7a d\u00e9pend ah ah ah).<\/p>\n<p>Cela r\u00e9sume parfaitement le blog, un univers color\u00e9 et gourmand, beaucoup de simplicit\u00e9, de la cuisine de tous les jours mais aussi des plats plus \u00e9labor\u00e9s pour \u00e9pater vos invit\u00e9s, des tests produits\u2026 Bref je vous laisser d\u00e9couvrir ?<\/p>\n<h4>Place aux pr\u00e9sentations<\/h4>\n<p>On va commencer par le plus simple, je ne m\u2019appelle pas Bouille (non sans blague) mais Ga\u00eblle, j\u2019ai 36 ans, chti d\u2019origine j\u2019habite d\u00e9sormais dans la r\u00e9gion Nantaise.<\/p>\n<p>Je suis Maman de Louis, n\u00e9 le 05\/04\/2014 et de Alice n\u00e9e le 19\/07\/2016 .<\/p>\n<p>Ce qui a cr\u00e9\u00e9 de nouvelles rubriques sur le blog, avec les petits plats pour baby, les go\u00fbters, etc \u2026<\/p>\n<p>J\u2019aime la cuisine depuis toute petite, je me souviens des sabl\u00e9s et du roul\u00e9s aux fraises avec ma Maman, des gaufres fourr\u00e9es de ma Grand-M\u00e8re paternelle mais aussi des petites gaufres s\u00e8ches et du g\u00e2teau caramel de ma Grand-M\u00e8re maternelle.<\/p>\n<p>Je suis tomb\u00e9e dedans quand j\u2019\u00e9tais petite pour reprendre une c\u00e9l\u00e8bre phrase\u2026 Il est donc normal que cet amour de la cuisine soit devenue une v\u00e9ritable passion.<\/p>\n<p>Mes premiers essais remontent \u00e0 mes ann\u00e9es maternelle\/primaire impossible d\u2019\u00eatre plus pr\u00e9cise avec des dessert \u00e0 la danette (oui oui) et des sabl\u00e9s\u2026<\/p>\n<p>Ma famille (mes parents, mon grand p\u00e8re,\u2026) m\u2019ont toujours appris \u00e0 \u00eatre curieuse et a faire mes propres exp\u00e9riences (plus ou moins avec r\u00e9ussite!) que se soit en cuisine comme dans la vie en g\u00e9n\u00e9rale.<\/p>\n<p>C\u2019est dans la cuisine, l\u2019illustration et les bijoux que je m\u2019exprime le mieux.<\/p>\n<p>M\u00eame si l\u2019illustration et la cuisine restent mes chouchous!<\/p>\n<p>J\u2019avais l\u2019habitude de partager mes plats sur Instagram mais on me demandait r\u00e9guli\u00e8rement mes recettes, j\u2019ai donc ouvert mon blog en janvier 2013 pour partager mes recettes, mes bonnes adresses restaurants\u2026<\/p>\n<p>J\u2019essaye depuis quelques ann\u00e9es de consommer un maximum local et fran\u00e7ais, de privil\u00e9gier des agricultures raisonn\u00e9es ou Bio, les fruits et l\u00e9gumes de saison, j\u2019essaye \u00e9galement de montrer que l\u2019on peut faire des choses qui ont du go\u00fbt avec des parties que la plupart des gens mettent \u00e0 la poubelle, comme les fanes de radis par exemple.<\/p>\n<p>Contribuer a faire moins de d\u00e9chets me semble important.<\/p>\n<p>Sur mon blog je partage des recettes aussi bien sucr\u00e9es que sal\u00e9es, avec une pinc\u00e9e de fantaisie, j\u2019aime autant proposer une recette de tous les jours pour toute la famille qu\u2019une recette plus \u00e9labor\u00e9es pour les jours de f\u00eates mais aussi de montrer que l\u2019on peut inciter les enfants a mieux manger en les incluant dans la pr\u00e9paration des repas.<\/p>\n<p>Dans mes recettes pr\u00e9f\u00e9r\u00e9es vous pourrez trouver aussi bien le <a href=\"https:\/\/latambouilledebouille.com\/index.php\/2016\/05\/25\/cake-chocolat-express-et-gourmand\/\">cake chocolat<\/a> que le <a href=\"https:\/\/latambouilledebouille.com\/index.php\/2021\/03\/01\/avocado-chicken-fait-maison\/\">avocado chicken burger<\/a> ou l&#8217;<a href=\"https:\/\/latambouilledebouille.com\/index.php\/2022\/12\/27\/eclairs-sales-au-saumon\/\">\u00e9clair au saumon<\/a>, des plats de p\u00e2tes mais aussi des plats de poissons, bref j\u2019aime varier les plaisirs en cuisine ce qui permet de ne pas s\u2019ennuyer.<\/p>\n<p>Je partage \u00e9galement des id\u00e9es d\u2019ateliers avec les enfants et de temps en temps des illustrations a imprimer pour d\u00e9corer les g\u00e2teaux ou les tables d\u2019anniversaires et autres f\u00eates.<\/p>\n<p>J\u2019aime \u00e9galement montrer qu\u2019il est possible de faire beaucoup de choses soi-m\u00eame et que \u00e7a ne prend finalement pas beaucoup de temps de bien manger.<\/p>\n<p>Je suis toujours tr\u00e8s heureuse de voir que j\u2019ai pu aider des personnes a trouves des id\u00e9es de menus, j\u2019esp\u00e8re un jour r\u00e9ussir a monter \u00e0 bien mon projet d\u2019aller encore plus loin dans la cuisine et la gourmandise.<\/p>\n<p>En bref, sur mon blog je veux montrer que l\u2019on peut manger mieux, avec des produits frais et de saisons et limiter au maximum les produits industriels tout pr\u00eat\u2026<\/p>\n<p>Merci \u00e0 vous de me suivre, d\u2019\u00eatre l\u00e0 depuis 2013 dans cette aventure, j\u2019esp\u00e8re nous allons continuer a faire un bon bout de chemin ensemble ?<\/p>\n<p>N\u2019h\u00e9sitez pas \u00e0 me contacter pour me poser des questions, me faire vos demandes de recettes particuli\u00e8res, demande de partenariats, etc\u2026<\/p>\n<p>A tr\u00e8s vite!!<\/p>\n<\/div>\n<\/div>\n<\/div>\n<\/div>\n<\/div>\n<\/section>\n<section class=\"kc-elm kc-css-1388188 kc_row section section-padding\">\n<div class=\"kc-row-container  kc-container\">\n<div class=\"kc-wrap-columns\">\n<div class=\"kc-elm kc-css-2393680 kc_col-sm-12 kc_column kc_col-sm-12\">\n<div class=\"kc-col-container\">\u00a0<\/div>\n<\/div>\n<\/div>\n<\/div>\n<\/section><div class=\"wp-block-image\"><figure class=\"alignleft size-full is-resized\"><img data-recalc-dims=\"1\" decoding=\"async\" src=\"https:\/\/i0.wp.com\/latambouilledebouille.com\/wp-content\/uploads\/2018\/08\/107066663-1-e1535221862210.jpg?resize=308%2C205&#038;ssl=1\" alt=\"\" class=\"wp-image-10\" width=\"308\" height=\"205\"\/><figcaption><strong><a href=\"https:\/\/instagram.com\/bouilledegum\/\" target=\"_blank\" rel=\"noreferrer noopener\">INSTAGRAM <\/a><\/strong>* <strong><a href=\"https:\/\/www.pinterest.com\/bouilledegum\/\" target=\"_blank\" rel=\"noreferrer noopener\">PINTEREST<\/a><\/strong> * <strong><a href=\"https:\/\/www.facebook.com\/LaTambouilleDeBouille?ref=hl\" target=\"_blank\" rel=\"noreferrer noopener\">FACEBOOK<\/a><\/strong> * <strong><a href=\"https:\/\/twitter.com\/BouilledeGum\" target=\"_blank\" rel=\"noreferrer noopener\">TWITTER<\/a><\/strong><\/figcaption><\/figure><\/div>","protected":false},"excerpt":{"rendered":"<p>Qui se cache derri\u00e8re le pseudo de Bouille de Gum ? Le cr\u00e9do du blog est &#8220;de la gourmandise sucr\u00e9e, sal\u00e9e, avec une pinc\u00e9e de fantaisie&#8221; (ou une louche \u00e7a d\u00e9pend ah ah ah). Cela r\u00e9sume parfaitement le blog, un univers color\u00e9 et gourmand, beaucoup de simplicit\u00e9, de la cuisine de tous les jours mais [&hellip;]<\/p>\n","protected":false},"author":2,"featured_media":0,"parent":0,"menu_order":0,"comment_status":"closed","ping_status":"closed","template":"","meta":{"_acf_changed":false,"sfsi_plus_gutenberg_text_before_share":"","sfsi_plus_gutenberg_show_text_before_share":"","sfsi_plus_gutenberg_icon_type":"","sfsi_plus_gutenberg_icon_alignemt":"","sfsi_plus_gutenburg_max_per_row":"","footnotes":""},"class_list":["post-3728","page","type-page","status-publish","hentry"],"acf":[],"yoast_head":"<!-- This site is optimized with the Yoast SEO Premium plugin v24.0 (Yoast SEO v24.0) - https:\/\/yoast.com\/wordpress\/plugins\/seo\/ -->\n<title>Qui suis-je ? - La tambouille de Bouille<\/title>\n<meta name=\"robots\" content=\"index, follow, max-snippet:-1, max-image-preview:large, max-video-preview:-1\" \/>\n<link rel=\"canonical\" href=\"https:\/\/latambouilledebouille.com\/index.php\/about-us\/\" \/>\n<meta property=\"og:locale\" content=\"fr_FR\" \/>\n<meta property=\"og:type\" content=\"article\" \/>\n<meta property=\"og:title\" content=\"Qui suis-je ?\" \/>\n<meta property=\"og:description\" content=\"Qui se cache derri\u00e8re le pseudo de Bouille de Gum ? Le cr\u00e9do du blog est &#8220;de la gourmandise sucr\u00e9e, sal\u00e9e, avec une pinc\u00e9e de fantaisie&#8221; (ou une louche \u00e7a d\u00e9pend ah ah ah). Cela r\u00e9sume parfaitement le blog, un univers color\u00e9 et gourmand, beaucoup de simplicit\u00e9, de la cuisine de tous les jours mais [&hellip;]\" \/>\n<meta property=\"og:url\" content=\"https:\/\/latambouilledebouille.com\/index.php\/about-us\/\" \/>\n<meta property=\"og:site_name\" content=\"La tambouille de Bouille\" \/>\n<meta property=\"article:modified_time\" content=\"2023-02-24T16:28:37+00:00\" \/>\n<meta property=\"og:image\" content=\"https:\/\/latambouilledebouille.com\/wp-content\/uploads\/2023\/02\/Gaelle2023-300x300.jpg\" \/>\n<meta name=\"twitter:card\" content=\"summary_large_image\" \/>\n<meta name=\"twitter:label1\" content=\"Dur\u00e9e de lecture estim\u00e9e\" \/>\n\t<meta name=\"twitter:data1\" content=\"4 minutes\" \/>\n<script type=\"application\/ld+json\" class=\"yoast-schema-graph\">{\"@context\":\"https:\/\/schema.org\",\"@graph\":[{\"@type\":\"WebPage\",\"@id\":\"https:\/\/latambouilledebouille.com\/index.php\/about-us\/\",\"url\":\"https:\/\/latambouilledebouille.com\/index.php\/about-us\/\",\"name\":\"Qui suis-je ? - La tambouille de Bouille\",\"isPartOf\":{\"@id\":\"https:\/\/latambouilledebouille.com\/#website\"},\"primaryImageOfPage\":{\"@id\":\"https:\/\/latambouilledebouille.com\/index.php\/about-us\/#primaryimage\"},\"image\":{\"@id\":\"https:\/\/latambouilledebouille.com\/index.php\/about-us\/#primaryimage\"},\"thumbnailUrl\":\"https:\/\/latambouilledebouille.com\/wp-content\/uploads\/2023\/02\/Gaelle2023-300x300.jpg\",\"datePublished\":\"2020-03-03T07:22:09+00:00\",\"dateModified\":\"2023-02-24T16:28:37+00:00\",\"breadcrumb\":{\"@id\":\"https:\/\/latambouilledebouille.com\/index.php\/about-us\/#breadcrumb\"},\"inLanguage\":\"fr-FR\",\"potentialAction\":[{\"@type\":\"ReadAction\",\"target\":[\"https:\/\/latambouilledebouille.com\/index.php\/about-us\/\"]}]},{\"@type\":\"ImageObject\",\"inLanguage\":\"fr-FR\",\"@id\":\"https:\/\/latambouilledebouille.com\/index.php\/about-us\/#primaryimage\",\"url\":\"https:\/\/i0.wp.com\/latambouilledebouille.com\/wp-content\/uploads\/2023\/02\/Gaelle2023-scaled.jpg?fit=2560%2C2560&ssl=1\",\"contentUrl\":\"https:\/\/i0.wp.com\/latambouilledebouille.com\/wp-content\/uploads\/2023\/02\/Gaelle2023-scaled.jpg?fit=2560%2C2560&ssl=1\",\"width\":2560,\"height\":2560},{\"@type\":\"BreadcrumbList\",\"@id\":\"https:\/\/latambouilledebouille.com\/index.php\/about-us\/#breadcrumb\",\"itemListElement\":[{\"@type\":\"ListItem\",\"position\":1,\"name\":\"Accueil\",\"item\":\"https:\/\/latambouilledebouille.com\/\"},{\"@type\":\"ListItem\",\"position\":2,\"name\":\"Qui suis-je ?\"}]},{\"@type\":\"WebSite\",\"@id\":\"https:\/\/latambouilledebouille.com\/#website\",\"url\":\"https:\/\/latambouilledebouille.com\/\",\"name\":\"La tambouille de Bouille\",\"description\":\"De la gourmandise sucr\u00e9e, sal\u00e9e, avec une pinc\u00e9e de fantaisie\",\"publisher\":{\"@id\":\"https:\/\/latambouilledebouille.com\/#\/schema\/person\/60a785d85a273d47d213dd39e49799d2\"},\"potentialAction\":[{\"@type\":\"SearchAction\",\"target\":{\"@type\":\"EntryPoint\",\"urlTemplate\":\"https:\/\/latambouilledebouille.com\/?s={search_term_string}\"},\"query-input\":{\"@type\":\"PropertyValueSpecification\",\"valueRequired\":true,\"valueName\":\"search_term_string\"}}],\"inLanguage\":\"fr-FR\"},{\"@type\":[\"Person\",\"Organization\"],\"@id\":\"https:\/\/latambouilledebouille.com\/#\/schema\/person\/60a785d85a273d47d213dd39e49799d2\",\"name\":\"BouilledeGum\",\"image\":{\"@type\":\"ImageObject\",\"inLanguage\":\"fr-FR\",\"@id\":\"https:\/\/latambouilledebouille.com\/#\/schema\/person\/image\/\",\"url\":\"https:\/\/secure.gravatar.com\/avatar\/2b559a9357377a79331e346651242fa8?s=96&d=mm&r=g\",\"contentUrl\":\"https:\/\/secure.gravatar.com\/avatar\/2b559a9357377a79331e346651242fa8?s=96&d=mm&r=g\",\"caption\":\"BouilledeGum\"},\"logo\":{\"@id\":\"https:\/\/latambouilledebouille.com\/#\/schema\/person\/image\/\"},\"sameAs\":[\"https:\/\/latambouilledebouille.com\"]}]}<\/script>\n<!-- \/ Yoast SEO Premium plugin. -->","yoast_head_json":{"title":"Qui suis-je ? - La tambouille de Bouille","robots":{"index":"index","follow":"follow","max-snippet":"max-snippet:-1","max-image-preview":"max-image-preview:large","max-video-preview":"max-video-preview:-1"},"canonical":"https:\/\/latambouilledebouille.com\/index.php\/about-us\/","og_locale":"fr_FR","og_type":"article","og_title":"Qui suis-je ?","og_description":"Qui se cache derri\u00e8re le pseudo de Bouille de Gum ? Le cr\u00e9do du blog est &#8220;de la gourmandise sucr\u00e9e, sal\u00e9e, avec une pinc\u00e9e de fantaisie&#8221; (ou une louche \u00e7a d\u00e9pend ah ah ah). Cela r\u00e9sume parfaitement le blog, un univers color\u00e9 et gourmand, beaucoup de simplicit\u00e9, de la cuisine de tous les jours mais [&hellip;]","og_url":"https:\/\/latambouilledebouille.com\/index.php\/about-us\/","og_site_name":"La tambouille de Bouille","article_modified_time":"2023-02-24T16:28:37+00:00","og_image":[{"url":"https:\/\/latambouilledebouille.com\/wp-content\/uploads\/2023\/02\/Gaelle2023-300x300.jpg","type":"","width":"","height":""}],"twitter_card":"summary_large_image","twitter_misc":{"Dur\u00e9e de lecture estim\u00e9e":"4 minutes"},"schema":{"@context":"https:\/\/schema.org","@graph":[{"@type":"WebPage","@id":"https:\/\/latambouilledebouille.com\/index.php\/about-us\/","url":"https:\/\/latambouilledebouille.com\/index.php\/about-us\/","name":"Qui suis-je ? - La tambouille de Bouille","isPartOf":{"@id":"https:\/\/latambouilledebouille.com\/#website"},"primaryImageOfPage":{"@id":"https:\/\/latambouilledebouille.com\/index.php\/about-us\/#primaryimage"},"image":{"@id":"https:\/\/latambouilledebouille.com\/index.php\/about-us\/#primaryimage"},"thumbnailUrl":"https:\/\/latambouilledebouille.com\/wp-content\/uploads\/2023\/02\/Gaelle2023-300x300.jpg","datePublished":"2020-03-03T07:22:09+00:00","dateModified":"2023-02-24T16:28:37+00:00","breadcrumb":{"@id":"https:\/\/latambouilledebouille.com\/index.php\/about-us\/#breadcrumb"},"inLanguage":"fr-FR","potentialAction":[{"@type":"ReadAction","target":["https:\/\/latambouilledebouille.com\/index.php\/about-us\/"]}]},{"@type":"ImageObject","inLanguage":"fr-FR","@id":"https:\/\/latambouilledebouille.com\/index.php\/about-us\/#primaryimage","url":"https:\/\/i0.wp.com\/latambouilledebouille.com\/wp-content\/uploads\/2023\/02\/Gaelle2023-scaled.jpg?fit=2560%2C2560&ssl=1","contentUrl":"https:\/\/i0.wp.com\/latambouilledebouille.com\/wp-content\/uploads\/2023\/02\/Gaelle2023-scaled.jpg?fit=2560%2C2560&ssl=1","width":2560,"height":2560},{"@type":"BreadcrumbList","@id":"https:\/\/latambouilledebouille.com\/index.php\/about-us\/#breadcrumb","itemListElement":[{"@type":"ListItem","position":1,"name":"Accueil","item":"https:\/\/latambouilledebouille.com\/"},{"@type":"ListItem","position":2,"name":"Qui suis-je ?"}]},{"@type":"WebSite","@id":"https:\/\/latambouilledebouille.com\/#website","url":"https:\/\/latambouilledebouille.com\/","name":"La tambouille de Bouille","description":"De la gourmandise sucr\u00e9e, sal\u00e9e, avec une pinc\u00e9e de fantaisie","publisher":{"@id":"https:\/\/latambouilledebouille.com\/#\/schema\/person\/60a785d85a273d47d213dd39e49799d2"},"potentialAction":[{"@type":"SearchAction","target":{"@type":"EntryPoint","urlTemplate":"https:\/\/latambouilledebouille.com\/?s={search_term_string}"},"query-input":{"@type":"PropertyValueSpecification","valueRequired":true,"valueName":"search_term_string"}}],"inLanguage":"fr-FR"},{"@type":["Person","Organization"],"@id":"https:\/\/latambouilledebouille.com\/#\/schema\/person\/60a785d85a273d47d213dd39e49799d2","name":"BouilledeGum","image":{"@type":"ImageObject","inLanguage":"fr-FR","@id":"https:\/\/latambouilledebouille.com\/#\/schema\/person\/image\/","url":"https:\/\/secure.gravatar.com\/avatar\/2b559a9357377a79331e346651242fa8?s=96&d=mm&r=g","contentUrl":"https:\/\/secure.gravatar.com\/avatar\/2b559a9357377a79331e346651242fa8?s=96&d=mm&r=g","caption":"BouilledeGum"},"logo":{"@id":"https:\/\/latambouilledebouille.com\/#\/schema\/person\/image\/"},"sameAs":["https:\/\/latambouilledebouille.com"]}]}},"jetpack_sharing_enabled":true,"_links":{"self":[{"href":"https:\/\/latambouilledebouille.com\/index.php\/wp-json\/wp\/v2\/pages\/3728","targetHints":{"allow":["GET"]}}],"collection":[{"href":"https:\/\/latambouilledebouille.com\/index.php\/wp-json\/wp\/v2\/pages"}],"about":[{"href":"https:\/\/latambouilledebouille.com\/index.php\/wp-json\/wp\/v2\/types\/page"}],"author":[{"embeddable":true,"href":"https:\/\/latambouilledebouille.com\/index.php\/wp-json\/wp\/v2\/users\/2"}],"replies":[{"embeddable":true,"href":"https:\/\/latambouilledebouille.com\/index.php\/wp-json\/wp\/v2\/comments?post=3728"}],"version-history":[{"count":5,"href":"https:\/\/latambouilledebouille.com\/index.php\/wp-json\/wp\/v2\/pages\/3728\/revisions"}],"predecessor-version":[{"id":9025,"href":"https:\/\/latambouilledebouille.com\/index.php\/wp-json\/wp\/v2\/pages\/3728\/revisions\/9025"}],"wp:attachment":[{"href":"https:\/\/latambouilledebouille.com\/index.php\/wp-json\/wp\/v2\/media?parent=3728"}],"curies":[{"name":"wp","href":"https:\/\/api.w.org\/{rel}","templated":true}]}}